{"id":105,"date":"2021-04-13T21:03:55","date_gmt":"2021-04-13T19:03:55","guid":{"rendered":"https:\/\/generationwomo.de\/?page_id=105"},"modified":"2022-09-25T00:59:33","modified_gmt":"2022-09-24T22:59:33","slug":"reisen","status":"publish","type":"page","link":"https:\/\/generationwomo.de\/?page_id=105","title":{"rendered":"Reisen"},"content":{"rendered":"\n<h2 class=\"wp-block-heading\">Reiseberichte und -blogs<\/h2>\n\n\n\n<div style=\"height:19px\" aria-hidden=\"true\" class=\"wp-block-spacer\"><\/div>\n\n\n\n<ul class=\"wp-block-list\" style=\"font-size:21px\"><li>Slowakei (September 2022)<ul><li><a href=\"https:\/\/generationwomo.de\/?p=3026\">1. Etappe: Kleine Karpaten<\/a><\/li><li><a href=\"https:\/\/generationwomo.de\/?p=3069\">2. Etappe: Tren\u010din und Mal\u00e1 Fatra<\/a><\/li><li><a href=\"https:\/\/generationwomo.de\/?p=3137\">3. Etappe: Niedere Tatra<\/a><\/li><li><a href=\"https:\/\/generationwomo.de\/?p=3156\">4. Etappe: Hohe Tatra<\/a><\/li><li><a href=\"https:\/\/generationwomo.de\/?p=3176\">5. Etappe: S\u00fcdliche Slowakei<\/a><\/li><\/ul><\/li><\/ul>\n\n\n\n<ul class=\"wp-block-list\" style=\"font-size:21px\"><li>Italien (November 2021)<ul><li><a href=\"https:\/\/generationwomo.de\/?p=2267\">1. Etappe: Monteriggioni<\/a><\/li><li><a href=\"https:\/\/generationwomo.de\/?p=2330\">2. Etappe: Volterra<\/a><\/li><li><a href=\"https:\/\/generationwomo.de\/?p=2330#Sasso\">3. Etappe: Sasso Pisano<\/a><\/li><li><a href=\"https:\/\/generationwomo.de\/?p=2404\">4. Etappe: Arezzo &#8211; Vinci<\/a><\/li><li><a href=\"https:\/\/generationwomo.de\/?p=2509\">5. Etappe: Mantua<\/a><\/li><\/ul><\/li><\/ul>\n\n\n\n<ul class=\"wp-block-list\" style=\"font-size:21px\"><li>Th\u00fcringen (Oktober 2021)<ul><li><a href=\"https:\/\/generationwomo.de\/?p=2129\">1. Etappe: Heldra \/ Treffurt<\/a><\/li><li><a href=\"https:\/\/generationwomo.de\/?p=2197\">2. Etappe: Zella-Mehlis<\/a><\/li><li><a href=\"https:\/\/generationwomo.de\/?p=2242\">3. Etappe: Ha\u00dffurt (Mainfranken)<\/a><\/li><\/ul><\/li><\/ul>\n\n\n\n<ul class=\"wp-block-list\" style=\"font-size:21px\"><li>Waldviertel \/ Thayatal (August 2021):<ul><li><a href=\"https:\/\/generationwomo.de\/?p=1921\">1. Etappe: Retzer Land<\/a><\/li><li><a href=\"https:\/\/generationwomo.de\/?p=1975\">2. Etappe: Hardegg, Thayatal<\/a><\/li><li><a href=\"https:\/\/generationwomo.de\/?p=2025\">3. Etappe: Reingers<\/a><\/li><li><a href=\"https:\/\/generationwomo.de\/?p=2106\">4. Etappe: Gro\u00df Gerungs<\/a><\/li><\/ul><\/li><\/ul>\n\n\n\n<ul class=\"wp-block-list\" style=\"font-size:21px\"><li>Schw\u00e4bische Alb (Juni \/ Juli 2021):<ul><li><a href=\"https:\/\/generationwomo.de\/?p=1373\">1. Etappe: Bad Waldsee<\/a><\/li><li><a href=\"https:\/\/generationwomo.de\/?p=1447\">2. Etappe: Sigmaringen<\/a><\/li><li><a href=\"https:\/\/generationwomo.de\/?p=1487\">3. Etappe: B\u00e4renthal<\/a><\/li><li><a href=\"https:\/\/generationwomo.de\/?p=1530\">4. Etappe: Beuron<\/a><\/li><li><a href=\"https:\/\/generationwomo.de\/?p=1562\">5. Etappe: Hechingen<\/a><\/li><li><a href=\"https:\/\/generationwomo.de\/?p=1593\">6. Etappe: Burg Hohenzollern<\/a><\/li><li>7. Etappe: Bad Urach<\/li><li><a href=\"https:\/\/generationwomo.de\/?p=1647\">8. Etappe: H\u00fcrben<\/a><\/li><li><a href=\"https:\/\/generationwomo.de\/?p=1676\">9. Etappe: Eselsburger Tal<\/a><\/li><li><a href=\"https:\/\/generationwomo.de\/?p=1690\">Nachtrag<\/a><\/li><\/ul><\/li><\/ul>\n\n\n\n<ul class=\"wp-block-list\" style=\"font-size:21px\"><li>Fr\u00e4nkisches Seenland (Juni 2021):<br><a href=\"https:\/\/generationwomo.de\/?p=1205\">Jungfernreise mit unserem WoMo <em>Emma<\/em> zum Fr\u00e4nkischen Seenland und nach Niederbayern<\/a><\/li><\/ul>\n\n\n\n<ul class=\"wp-block-list\" style=\"font-size:21px\"><li>Fr\u00e4nkische Schweiz, Bayerischer Wald und Hallertau (September \/ Oktober 2020):<ul><li><a data-type=\"page\" data-id=\"194\" href=\"https:\/\/generationwomo.de\/?page_id=194\">1. Etappe: Bamberg<\/a><\/li><li><a data-type=\"page\" data-id=\"393\" href=\"https:\/\/generationwomo.de\/?page_id=393\">2. Etappe: Pottenstein<\/a><\/li><li><a data-type=\"page\" data-id=\"485\" href=\"https:\/\/generationwomo.de\/?page_id=485\">3. Etappe: Oberpfalz<\/a><\/li><li><a data-type=\"page\" data-id=\"526\" href=\"https:\/\/generationwomo.de\/?page_id=526\">4. Etappe: Bayerischer Wald<\/a><\/li><li><a data-type=\"page\" data-id=\"549\" href=\"https:\/\/generationwomo.de\/?page_id=549\">5. Etappe: Hallertau<\/a><br><\/li><\/ul><\/li><\/ul>\n\n\n\n<p><\/p>\n","protected":false},"excerpt":{"rendered":"<p>Reiseberichte und -blogs Slowakei (September 2022) 1. Etappe: Kleine Karpaten 2. Etappe: Tren\u010din und Mal\u00e1 Fatra 3. Etappe: Niedere Tatra 4. Etappe: Hohe Tatra 5. Etappe: S\u00fcdliche Slowakei Italien (November&#8230;<\/p>\n<p class=\"read-more\"><a class=\"btn btn-default\" href=\"https:\/\/generationwomo.de\/?page_id=105\"> Read More<span class=\"screen-reader-text\">  Read More<\/span><\/a><\/p>\n","protected":false},"author":1,"featured_media":0,"parent":0,"menu_order":10,"comment_status":"closed","ping_status":"closed","template":"","meta":{"footnotes":""},"class_list":["post-105","page","type-page","status-publish","hentry"],"aioseo_notices":[],"_links":{"self":[{"href":"https:\/\/generationwomo.de\/index.php?rest_route=\/wp\/v2\/pages\/105","targetHints":{"allow":["GET"]}}],"collection":[{"href":"https:\/\/generationwomo.de\/index.php?rest_route=\/wp\/v2\/pages"}],"about":[{"href":"https:\/\/generationwomo.de\/index.php?rest_route=\/wp\/v2\/types\/page"}],"author":[{"embeddable":true,"href":"https:\/\/generationwomo.de\/index.php?rest_route=\/wp\/v2\/users\/1"}],"replies":[{"embeddable":true,"href":"https:\/\/generationwomo.de\/index.php?rest_route=%2Fwp%2Fv2%2Fcomments&post=105"}],"version-history":[{"count":27,"href":"https:\/\/generationwomo.de\/index.php?rest_route=\/wp\/v2\/pages\/105\/revisions"}],"predecessor-version":[{"id":3254,"href":"https:\/\/generationwomo.de\/index.php?rest_route=\/wp\/v2\/pages\/105\/revisions\/3254"}],"wp:attachment":[{"href":"https:\/\/generationwomo.de\/index.php?rest_route=%2Fwp%2Fv2%2Fmedia&parent=105"}],"curies":[{"name":"wp","href":"https:\/\/api.w.org\/{rel}","templated":true}]}}