{"id":107,"date":"2021-04-13T21:04:16","date_gmt":"2021-04-13T19:04:16","guid":{"rendered":"https:\/\/generationwomo.de\/?page_id=107"},"modified":"2023-09-07T18:25:01","modified_gmt":"2023-09-07T16:25:01","slug":"technik","status":"publish","type":"page","link":"https:\/\/generationwomo.de\/?page_id=107","title":{"rendered":"Technik"},"content":{"rendered":"\n<p>Die folgende Liste f\u00fchrt Dich zu mehr oder weniger technischen Betrachtungen. <\/p>\n\n\n\n<ul class=\"wp-block-list\"><li><a href=\"https:\/\/generationwomo.de\/?page_id=3298\" title=\"\"><strong><em>Eigenbau einer F\u00fcllstandsanzeige f\u00fcr den Frischwassertank<\/em><\/strong><br>Mehr Komfort beim Wassertanken<\/a><br><a href=\"https:\/\/generationwomo.de\/?page_id=3298\" title=\"\"><br><\/a><\/li><li><em><a href=\"https:\/\/generationwomo.de\/?page_id=824\" title=\"Der Hymer B MC-T 580\"><strong>Vorstellung des Hymer B MC-T 580<\/strong><br>Die wichtigsten Eigenschaften und ein kurzes Fazit erster Erfahrungen<\/a><br><\/em><br><\/li><li><em><a href=\"https:\/\/generationwomo.de\/?page_id=903\" title=\"Grundlagen\"><strong>Eine kurze Lektion in elektrotechnischem Basiswissen<\/strong><br>Es geht hier nur um die Grundbegriffe f\u00fcr Laien<\/a><br><\/em><br><\/li><li><em><a href=\"https:\/\/generationwomo.de\/?page_id=822\" title=\"Einbau eines Wechselrichters\"><strong>Einbau eines Sinus-Wechselrichters<\/strong> <br>Vor\u00fcberlegungen, Absch\u00e4tzungen und Berechnungen, die beim Einbau helfen sollen <\/a><br><\/em><br><\/li><li><em><a href=\"https:\/\/generationwomo.de\/?page_id=1794\" title=\"Nachtrag zum Einbau des Wechselrichters\"><strong>Nachtrag zum Einbau des Wechselrichters<\/strong><br>Der Wechselrichter wird mit dem Bordnetz verbunden<\/a><\/em><br><br><\/li><li><em><a href=\"https:\/\/generationwomo.de\/?page_id=2658\" title=\"Ein glattes Vergn\u00fcgen\"><strong>Was bringt die Nanoversiegelung?<\/strong><br>Ein erster Eindruck<br><\/a><\/em><a href=\"https:\/\/generationwomo.de\/?page_id=3298\" title=\"\"><br><\/a><\/li><\/ul>\n\n\n\n<p><\/p>\n","protected":false},"excerpt":{"rendered":"<p>Die folgende Liste f\u00fchrt Dich zu mehr oder weniger technischen Betrachtungen. Eigenbau einer F\u00fcllstandsanzeige f\u00fcr den FrischwassertankMehr Komfort beim Wassertanken Vorstellung des Hymer B MC-T 580Die wichtigsten Eigenschaften und ein&#8230;<\/p>\n<p class=\"read-more\"><a class=\"btn btn-default\" href=\"https:\/\/generationwomo.de\/?page_id=107\"> Read More<span class=\"screen-reader-text\">  Read More<\/span><\/a><\/p>\n","protected":false},"author":1,"featured_media":0,"parent":102,"menu_order":1,"comment_status":"closed","ping_status":"closed","template":"","meta":{"footnotes":""},"class_list":["post-107","page","type-page","status-publish","hentry"],"aioseo_notices":[],"_links":{"self":[{"href":"https:\/\/generationwomo.de\/index.php?rest_route=\/wp\/v2\/pages\/107","targetHints":{"allow":["GET"]}}],"collection":[{"href":"https:\/\/generationwomo.de\/index.php?rest_route=\/wp\/v2\/pages"}],"about":[{"href":"https:\/\/generationwomo.de\/index.php?rest_route=\/wp\/v2\/types\/page"}],"author":[{"embeddable":true,"href":"https:\/\/generationwomo.de\/index.php?rest_route=\/wp\/v2\/users\/1"}],"replies":[{"embeddable":true,"href":"https:\/\/generationwomo.de\/index.php?rest_route=%2Fwp%2Fv2%2Fcomments&post=107"}],"version-history":[{"count":18,"href":"https:\/\/generationwomo.de\/index.php?rest_route=\/wp\/v2\/pages\/107\/revisions"}],"predecessor-version":[{"id":3342,"href":"https:\/\/generationwomo.de\/index.php?rest_route=\/wp\/v2\/pages\/107\/revisions\/3342"}],"up":[{"embeddable":true,"href":"https:\/\/generationwomo.de\/index.php?rest_route=\/wp\/v2\/pages\/102"}],"wp:attachment":[{"href":"https:\/\/generationwomo.de\/index.php?rest_route=%2Fwp%2Fv2%2Fmedia&parent=107"}],"curies":[{"name":"wp","href":"https:\/\/api.w.org\/{rel}","templated":true}]}}