{"id":130,"date":"2021-04-13T21:52:14","date_gmt":"2021-04-13T19:52:14","guid":{"rendered":"https:\/\/generationwomo.de\/?page_id=130"},"modified":"2021-05-10T22:09:29","modified_gmt":"2021-05-10T20:09:29","slug":"wer-wir-sind","status":"publish","type":"page","link":"https:\/\/generationwomo.de\/?page_id=130","title":{"rendered":"Wer wir sind"},"content":{"rendered":"\n<p>Wir sind ein Ehepaar aus Oberbayern, hei\u00dfen Rita und Hellmut Alde und haben uns entschlossen, uns den letzten Lebensabschnitt mit Wohnmobilreisen zu vers\u00fc\u00dfen. Mehr zu uns gibt es zu erfahren, wenn wir angefangen haben, diese W\u00fcrze zu kosten.<\/p>\n\n\n\n<p>Die erste Tour ging mit einem geliehenen Wohnmobil in die <a href=\"https:\/\/generationwomo.de\/?page_id=105\" data-type=\"page\" data-id=\"105\">Fr\u00e4nkische Schweiz, den Bayerischen Wald und die Hallertau<\/a>. <a href=\"https:\/\/generationwomo.de\/?page_id=194\" data-type=\"page\" data-id=\"194\">Hier<\/a> k\u00f6nnt Ihr nachlesen, wie die Reise verlaufen ist. Kurzes Fazit: Wir liegen goldrichtig mit unserem Entschluss, uns ein eigenes Wohnmobil zuzulegen.<\/p>\n","protected":false},"excerpt":{"rendered":"<p>Wir sind ein Ehepaar aus Oberbayern, hei\u00dfen Rita und Hellmut Alde und haben uns entschlossen, uns den letzten Lebensabschnitt mit Wohnmobilreisen zu vers\u00fc\u00dfen. Mehr zu uns gibt es zu erfahren,&#8230;<\/p>\n<p class=\"read-more\"><a class=\"btn btn-default\" href=\"https:\/\/generationwomo.de\/?page_id=130\"> Read More<span class=\"screen-reader-text\">  Read More<\/span><\/a><\/p>\n","protected":false},"author":1,"featured_media":0,"parent":0,"menu_order":22,"comment_status":"closed","ping_status":"closed","template":"","meta":{"footnotes":""},"class_list":["post-130","page","type-page","status-publish","hentry"],"aioseo_notices":[],"_links":{"self":[{"href":"https:\/\/generationwomo.de\/index.php?rest_route=\/wp\/v2\/pages\/130","targetHints":{"allow":["GET"]}}],"collection":[{"href":"https:\/\/generationwomo.de\/index.php?rest_route=\/wp\/v2\/pages"}],"about":[{"href":"https:\/\/generationwomo.de\/index.php?rest_route=\/wp\/v2\/types\/page"}],"author":[{"embeddable":true,"href":"https:\/\/generationwomo.de\/index.php?rest_route=\/wp\/v2\/users\/1"}],"replies":[{"embeddable":true,"href":"https:\/\/generationwomo.de\/index.php?rest_route=%2Fwp%2Fv2%2Fcomments&post=130"}],"version-history":[{"count":0,"href":"https:\/\/generationwomo.de\/index.php?rest_route=\/wp\/v2\/pages\/130\/revisions"}],"wp:attachment":[{"href":"https:\/\/generationwomo.de\/index.php?rest_route=%2Fwp%2Fv2%2Fmedia&parent=130"}],"curies":[{"name":"wp","href":"https:\/\/api.w.org\/{rel}","templated":true}]}}