{"id":2658,"date":"2021-12-22T15:21:23","date_gmt":"2021-12-22T14:21:23","guid":{"rendered":"https:\/\/generationwomo.de\/?page_id=2658"},"modified":"2021-12-22T17:04:23","modified_gmt":"2021-12-22T16:04:23","slug":"ein-glattes-vergnuegen","status":"publish","type":"page","link":"https:\/\/generationwomo.de\/?page_id=2658","title":{"rendered":"Ein glattes Vergn\u00fcgen"},"content":{"rendered":"\n<h2 class=\"wp-block-heading\">Erste Eindr\u00fccke zu Emmas Kosmetik<\/h2>\n\n\n\n<div style=\"height:33px\" aria-hidden=\"true\" class=\"wp-block-spacer\"><\/div>\n\n\n<style>.wp-block-kadence-advancedbtn.kb-btns_bc474a-1e{gap:var(--global-kb-gap-xs, 0.5rem );justify-content:flex-start;align-items:center;}.kt-btns_bc474a-1e .kt-button{font-weight:normal;font-style:normal;}.kt-btns_bc474a-1e .kt-btn-wrap-0{margin-right:5px;}.wp-block-kadence-advancedbtn.kt-btns_bc474a-1e .kt-btn-wrap-0 .kt-button{color:#000000;background:#00d084;border-color:#00d084;}.wp-block-kadence-advancedbtn.kt-btns_bc474a-1e .kt-btn-wrap-0 .kt-button:hover, .wp-block-kadence-advancedbtn.kt-btns_bc474a-1e .kt-btn-wrap-0 .kt-button:focus{color:#ffffff;border-color:#00d084;}.wp-block-kadence-advancedbtn.kt-btns_bc474a-1e .kt-btn-wrap-0 .kt-button::before{display:none;}.wp-block-kadence-advancedbtn.kt-btns_bc474a-1e .kt-btn-wrap-0 .kt-button:hover, .wp-block-kadence-advancedbtn.kt-btns_bc474a-1e .kt-btn-wrap-0 .kt-button:focus{background:#00d084;box-shadow:inset 2px 2px 3px 0px rgba(0, 0, 0, 0.4);}<\/style>\n<div class=\"wp-block-kadence-advancedbtn kt-btn-align-left kt-btn-tablet-align-inherit kt-btn-mobile-align-inherit kt-btns-wrap kt-btns_bc474a-1e\"><div class=\"kt-btn-wrap kt-btn-wrap-0\"><a class=\"kt-button button kt-btn-0-action kt-btn-size-small kt-btn-style-basic kt-btn-svg-show-always kt-btn-has-text-true kt-btn-has-svg-false\" href=\"https:\/\/generationwomo.de\/?page_id=107\"><span class=\"kt-btn-inner-text\">Zur\u00fcck zur \u00dcbersicht<\/span><\/a><\/div><\/div>\n\n\n\n<hr class=\"wp-block-separator\"\/>\n\n\n\n<p>Wie <em><a href=\"https:\/\/generationwomo.de\/?p=2129\" title=\"Emma bekommt Kosmetik\" target=\"_blank\" rel=\"noreferrer noopener\">hier<\/a><\/em> bereits erw\u00e4hnt, haben wir Emma eine Nanoveredelung geg\u00f6nnt. Jetzt schon ein endg\u00fcltiges Fazit zu ziehen, verbietet sich nat\u00fcrlich, denn nach nicht einmal zwei Monaten ist die versprochene Lebensdauer der Schutzschicht von etwa zehn Jahren noch lange nicht erreicht. Wir k\u00f6nnen also nur etwas zu den Eigenschaften der Veredelung schreiben, die sich im frischen Zustand zeigen.<\/p>\n\n\n\n<p>Beim WoMo-Fahren gibt es ein gro\u00dfes Problem: Man muss putzen. W\u00e4hrend mit dem PKW ein Besuch der Waschstra\u00dfe ausreicht, geht das mit dem WoMo nat\u00fcrlich nicht. Bestenfalls die Selbstwasch-Boxen, lassen sich nutzen und hier bekommt man den gr\u00f6\u00dften Dreck ganz gut weg. Es bleiben jedoch ein paar Probleme, die richtig Arbeit machen. Diese schwarz-grauen Fahnen, die sich vom Dach \u00fcber die Seitenw\u00e4nde ziehen, hat vermutlich jeder schon mal gesehen. Sie geh\u00f6ren fast zum normalen Erscheinungsbild der wei\u00dfen Plastikkisten auf R\u00e4dern. Sch\u00f6n sind sie nicht und wie wir schon nach kurzer Zeit an der unversiegelten Emma feststellen mussten, lassen sie sich kaum entfernen. Man kann rubbeln wie man will, die grauen Bahnen sind nur zum Verblassen aber nicht zum Verschwinden zu bringen.<\/p>\n\n\n\n<p>Das ganze kollidiert mit unserer v\u00f6lligen Unlust, Autopflege in erw\u00e4hnenswerten Ma\u00dfstab zu betreiben und letztlich wollen wir mit Emma fahren, ohne daran denken zu m\u00fcssen, dass wir nach jeder gr\u00f6\u00dferen Reise eine Putzorgie veranstalten m\u00fcssen.<\/p>\n\n\n\n<p>Deshalb wollten wir mal sehen, wie sich das Verh\u00e4ltnis von Nutzen zu Aufwand entwickeln w\u00fcrde, wenn wir Emmas Oberfl\u00e4chen mit einer sogenannten Nanoverg\u00fctung ausstatten lassen. Man kann das nicht selbst erledigen, dazu braucht es Erfahrung und Know how. Zwar bietet der Handel einige Mittelchen an, die Wunderdinge versprechen, aber da scheinen die Marketingstrategen wie so oft viel mehr zu versprechen als gehalten wird.<\/p>\n\n\n\n<p>Also fassten wir den Entschluss, N\u00e4gel mit K\u00f6pfen zu machen und uns eine solide Firma zu suchen, die das Problem f\u00fcr uns in Angriff nehmen k\u00f6nnte. Nach kurzer Recherche fiel unsere Wahl auf die Firma <em><a href=\"https:\/\/swneomobil.de\" target=\"_blank\" rel=\"noreferrer noopener\">SW Neomobil<\/a><\/em> im Th\u00fcringischen Treffurt. Wir wollen hier keine Werbung machen, aber ein Lob f\u00fcr eine au\u00dfergew\u00f6hnliche Leistung k\u00f6nnen wir uns nicht verkneifen. Die Mitarbeiter der jungen Firma haben uns restlos \u00fcberzeugt und die Arbeitsergebnisse ebenso. Nicht nur, dass wir Emma wie aus dem Ei gepellt zur\u00fcck bekommen haben, sie blieb auch recht lange in diesem Zustand. Nach unserer <em><a href=\"https:\/\/generationwomo.de\/?p=2267\" target=\"_blank\" rel=\"noreferrer noopener\">Italienreise<\/a><\/em>, wo wir eine bunte Mischung verschiedenster Wetterbedingungen hatten und Emma entsprechend verdreckt war, war die Reinigung recht schnell erledigt. Die erw\u00e4hnten h\u00e4sslichen Regenstreifen waren zwar vorhanden, lie\u00dfen sich mit etwas warmem Wasser und einem Mikrofasertuch aber restlos entfernen. Die vorher recht unangenehme Reinigung der Felgen ging leicht von der Hand. Insekten, deren zerquetschte Reste jeden Autofahrer erfreuen, gingen schon in der Waschbox fast vollst\u00e4ndig ab. Jetzt strahlt unser WoMo wieder und wartet auf seine n\u00e4chste Fahrt im kommenden Jahr.<\/p>\n\n\n\n<p>So hatten wir uns das vorgestellt und wenn das jetzt \u00fcber die n\u00e4chsten Jahre so bleibt, hat sich die Kosmetik f\u00fcr Emma tats\u00e4chlich bezahlt gemacht. Wir k\u00f6nnen die Firma also aus \u00dcberzeugung empfehlen und finden es sch\u00f6n, dass es noch solche Unternehmen gibt.<\/p>\n\n\n\n<div style=\"height:29px\" aria-hidden=\"true\" class=\"wp-block-spacer\"><\/div>\n\n\n\n<p>Noch eine kurze Anmerkung: <br>Der Link zur Firma <em>SW Neomobil<\/em> wurde von uns gesetzt, ohne dass diese Firma uns darum gebeten hat. Wir bekommen f\u00fcr diesen Link auch keine Verg\u00fctung oder sonstige Vorteile. <\/p>\n\n\n\n<hr class=\"wp-block-separator\"\/>\n\n\n<style>.wp-block-kadence-advancedbtn.kb-btns_883d3c-54{gap:var(--global-kb-gap-xs, 0.5rem );justify-content:flex-start;align-items:center;}.kt-btns_883d3c-54 .kt-button{font-weight:normal;font-style:normal;}.kt-btns_883d3c-54 .kt-btn-wrap-0{margin-right:5px;}.wp-block-kadence-advancedbtn.kt-btns_883d3c-54 .kt-btn-wrap-0 .kt-button{color:#000000;background:#00d084;border-color:#00d084;}.wp-block-kadence-advancedbtn.kt-btns_883d3c-54 .kt-btn-wrap-0 .kt-button:hover, .wp-block-kadence-advancedbtn.kt-btns_883d3c-54 .kt-btn-wrap-0 .kt-button:focus{color:#ffffff;border-color:#00d084;}.wp-block-kadence-advancedbtn.kt-btns_883d3c-54 .kt-btn-wrap-0 .kt-button::before{display:none;}.wp-block-kadence-advancedbtn.kt-btns_883d3c-54 .kt-btn-wrap-0 .kt-button:hover, .wp-block-kadence-advancedbtn.kt-btns_883d3c-54 .kt-btn-wrap-0 .kt-button:focus{background:#00d084;box-shadow:inset 2px 2px 3px 0px rgba(0, 0, 0, 0.4);}<\/style>\n<div class=\"wp-block-kadence-advancedbtn kt-btn-align-left kt-btn-tablet-align-inherit kt-btn-mobile-align-inherit kt-btns-wrap kt-btns_883d3c-54\"><div class=\"kt-btn-wrap kt-btn-wrap-0\"><a class=\"kt-button button kt-btn-0-action kt-btn-size-small kt-btn-style-basic kt-btn-svg-show-always kt-btn-has-text-true kt-btn-has-svg-false\" href=\"https:\/\/generationwomo.de\/?page_id=107\"><span class=\"kt-btn-inner-text\">Zur\u00fcck zur \u00dcbersicht<\/span><\/a><\/div><\/div>\n\n\n\n<div style=\"height:29px\" aria-hidden=\"true\" class=\"wp-block-spacer\"><\/div>\n","protected":false},"excerpt":{"rendered":"<p>Erste Eindr\u00fccke zu Emmas Kosmetik Wie hier bereits erw\u00e4hnt, haben wir Emma eine Nanoveredelung geg\u00f6nnt. Jetzt schon ein endg\u00fcltiges Fazit zu ziehen, verbietet sich nat\u00fcrlich, denn nach nicht einmal zwei&#8230;<\/p>\n<p class=\"read-more\"><a class=\"btn btn-default\" href=\"https:\/\/generationwomo.de\/?page_id=2658\"> Read More<span class=\"screen-reader-text\">  Read More<\/span><\/a><\/p>\n","protected":false},"author":1,"featured_media":2661,"parent":107,"menu_order":5,"comment_status":"open","ping_status":"closed","template":"","meta":{"footnotes":""},"class_list":["post-2658","page","type-page","status-publish","has-post-thumbnail","hentry"],"aioseo_notices":[],"_links":{"self":[{"href":"https:\/\/generationwomo.de\/index.php?rest_route=\/wp\/v2\/pages\/2658","targetHints":{"allow":["GET"]}}],"collection":[{"href":"https:\/\/generationwomo.de\/index.php?rest_route=\/wp\/v2\/pages"}],"about":[{"href":"https:\/\/generationwomo.de\/index.php?rest_route=\/wp\/v2\/types\/page"}],"author":[{"embeddable":true,"href":"https:\/\/generationwomo.de\/index.php?rest_route=\/wp\/v2\/users\/1"}],"replies":[{"embeddable":true,"href":"https:\/\/generationwomo.de\/index.php?rest_route=%2Fwp%2Fv2%2Fcomments&post=2658"}],"version-history":[{"count":11,"href":"https:\/\/generationwomo.de\/index.php?rest_route=\/wp\/v2\/pages\/2658\/revisions"}],"predecessor-version":[{"id":2693,"href":"https:\/\/generationwomo.de\/index.php?rest_route=\/wp\/v2\/pages\/2658\/revisions\/2693"}],"up":[{"embeddable":true,"href":"https:\/\/generationwomo.de\/index.php?rest_route=\/wp\/v2\/pages\/107"}],"wp:featuredmedia":[{"embeddable":true,"href":"https:\/\/generationwomo.de\/index.php?rest_route=\/wp\/v2\/media\/2661"}],"wp:attachment":[{"href":"https:\/\/generationwomo.de\/index.php?rest_route=%2Fwp%2Fv2%2Fmedia&parent=2658"}],"curies":[{"name":"wp","href":"https:\/\/api.w.org\/{rel}","templated":true}]}}