{"id":45,"date":"2021-04-13T17:29:43","date_gmt":"2021-04-13T15:29:43","guid":{"rendered":"https:\/\/generationwomo.de\/?page_id=45"},"modified":"2022-05-01T15:21:32","modified_gmt":"2022-05-01T13:21:32","slug":"home","status":"publish","type":"page","link":"https:\/\/generationwomo.de\/","title":{"rendered":""},"content":{"rendered":"\n<p class=\"has-drop-cap has-medium-font-size\">Willkommen auf unserer kleinen Seite mit Reiseberichten und Technikhinweisen zum Thema Wohnmobil (WoMo). <\/p>\n\n\n\n<p>Seit M\u00e4rz 2021 haben wir <em><a href=\"https:\/\/generationwomo.de\/?p=1205#fazit\" title=\"Willkommen in der Camping-H\u00f6lle\">Emma<\/a><\/em>, unser WoMo: <\/p>\n\n\n<style type=\"text\/css\">\n#foogallery-gallery-1775.fg-masonry { --fg-gutter: 10px; }<\/style>\n\t\t\t<div class=\"foogallery foogallery-container foogallery-masonry foogallery-lightbox-foobox fg-center fg-masonry fg-ready fg-dark fg-shadow-small fg-loading-default fg-loaded-fade-in fg-caption-hover fg-hover-fade fg-hover-plus fg-c-c fg-col4\" id=\"foogallery-gallery-1775\" data-foogallery=\"{&quot;item&quot;:{&quot;showCaptionTitle&quot;:false,&quot;showCaptionDescription&quot;:true},&quot;lazy&quot;:true}\" style=\"--fg-title-line-clamp: 0; --fg-description-line-clamp: 0;\" >\n\t\t<div class=\"fg-column-width\"><\/div>\n\t<div class=\"fg-gutter-width\"><\/div>\n\t\t<div class=\"fg-item fg-type-image fg-idle\"><figure class=\"fg-item-inner\"><a href=\"https:\/\/generationwomo.de\/wp-content\/uploads\/2021\/07\/20210331-Emma1.jpg\" data-caption-title=\"Emma von vorn\" data-caption-desc=\"Emma von vorn\" data-attachment-id=\"1776\" data-type=\"image\" class=\"fg-thumb\"><span class=\"fg-image-wrap\"><img decoding=\"async\" alt=\"Emma von vorn\" title=\"Emma von vorn\" width=\"250\" height=\"167\" class=\"skip-lazy fg-image\" data-src-fg=\"https:\/\/generationwomo.de\/wp-content\/uploads\/cache\/2021\/07\/20210331-Emma1\/536935809.jpg\" src=\"data:image\/svg+xml,%3Csvg%20xmlns%3D%22http%3A%2F%2Fwww.w3.org%2F2000%2Fsvg%22%20width%3D%22250%22%20height%3D%22167%22%20viewBox%3D%220%200%20250%20167%22%3E%3C%2Fsvg%3E\" loading=\"eager\"><\/span><span class=\"fg-image-overlay\"><\/span><\/a><figcaption class=\"fg-caption\"><div class=\"fg-caption-inner\"><div class=\"fg-caption-desc\">Emma von vorn<\/div><\/div><\/figcaption><\/figure><div class=\"fg-loader\"><\/div><\/div><div class=\"fg-item fg-type-image fg-idle\"><figure class=\"fg-item-inner\"><a href=\"https:\/\/generationwomo.de\/wp-content\/uploads\/2021\/07\/20210331-Emma3.jpg\" data-caption-title=\"Emma von hinten\" data-caption-desc=\"Emma von hinten\" data-attachment-id=\"1778\" data-type=\"image\" class=\"fg-thumb\"><span class=\"fg-image-wrap\"><img decoding=\"async\" alt=\"Emma von hinten\" title=\"Emma von hinten\" width=\"250\" height=\"167\" class=\"skip-lazy fg-image\" data-src-fg=\"https:\/\/generationwomo.de\/wp-content\/uploads\/cache\/2021\/07\/20210331-Emma3\/3368597360.jpg\" src=\"data:image\/svg+xml,%3Csvg%20xmlns%3D%22http%3A%2F%2Fwww.w3.org%2F2000%2Fsvg%22%20width%3D%22250%22%20height%3D%22167%22%20viewBox%3D%220%200%20250%20167%22%3E%3C%2Fsvg%3E\" loading=\"eager\"><\/span><span class=\"fg-image-overlay\"><\/span><\/a><figcaption class=\"fg-caption\"><div class=\"fg-caption-inner\"><div class=\"fg-caption-desc\">Emma von hinten<\/div><\/div><\/figcaption><\/figure><div class=\"fg-loader\"><\/div><\/div><div class=\"fg-item fg-type-image fg-idle\"><figure class=\"fg-item-inner\"><a href=\"https:\/\/generationwomo.de\/wp-content\/uploads\/2021\/07\/20210331-Emma4.jpg\" data-caption-title=\"Emma von der Seite\" data-caption-desc=\"Emma von der Seite\" data-attachment-id=\"1779\" data-type=\"image\" class=\"fg-thumb\"><span class=\"fg-image-wrap\"><img decoding=\"async\" alt=\"Emma von der Seite\" title=\"Emma von der Seite\" width=\"250\" height=\"167\" class=\"skip-lazy fg-image\" data-src-fg=\"https:\/\/generationwomo.de\/wp-content\/uploads\/cache\/2021\/07\/20210331-Emma4\/2606838760.jpg\" src=\"data:image\/svg+xml,%3Csvg%20xmlns%3D%22http%3A%2F%2Fwww.w3.org%2F2000%2Fsvg%22%20width%3D%22250%22%20height%3D%22167%22%20viewBox%3D%220%200%20250%20167%22%3E%3C%2Fsvg%3E\" loading=\"eager\"><\/span><span class=\"fg-image-overlay\"><\/span><\/a><figcaption class=\"fg-caption\"><div class=\"fg-caption-inner\"><div class=\"fg-caption-desc\">Emma von der Seite<\/div><\/div><\/figcaption><\/figure><div class=\"fg-loader\"><\/div><\/div><div class=\"fg-item fg-type-image fg-idle\"><figure class=\"fg-item-inner\"><a href=\"https:\/\/generationwomo.de\/wp-content\/uploads\/2021\/07\/20210331-Emma2.jpg\" data-caption-title=\"Werden sie Freunde?\" data-caption-desc=\"Werden sie Freunde?\" data-attachment-id=\"1777\" data-type=\"image\" class=\"fg-thumb\"><span class=\"fg-image-wrap\"><img decoding=\"async\" alt=\"Emma von vorn\" title=\"Werden sie Freunde?\" width=\"250\" height=\"167\" class=\"skip-lazy fg-image\" data-src-fg=\"https:\/\/generationwomo.de\/wp-content\/uploads\/cache\/2021\/07\/20210331-Emma2\/4158879715.jpg\" src=\"data:image\/svg+xml,%3Csvg%20xmlns%3D%22http%3A%2F%2Fwww.w3.org%2F2000%2Fsvg%22%20width%3D%22250%22%20height%3D%22167%22%20viewBox%3D%220%200%20250%20167%22%3E%3C%2Fsvg%3E\" loading=\"eager\"><\/span><span class=\"fg-image-overlay\"><\/span><\/a><figcaption class=\"fg-caption\"><div class=\"fg-caption-inner\"><div class=\"fg-caption-desc\">Werden sie Freunde?<\/div><\/div><\/figcaption><\/figure><div class=\"fg-loader\"><\/div><\/div><\/div>\n\n\n\n<div style=\"height:41px\" aria-hidden=\"true\" class=\"wp-block-spacer\"><\/div>\n\n\n\n<p>Das Internet ist ja ein ziemlich guter Platz, wenn es darum geht, Kenntnisse auf theoretischer Ebene zu erwerben. Es ist aber auch ein guter Platz, wenn es darum geht, v\u00f6llige Konfusion zu erleben. Da gibt es mehr oder weniger Wichtiges, mehr oder weniger Wahres, Widerspr\u00fcchliches, Subjektives und Objektives und nicht zuletzt auch v\u00f6llig Falsches zu entdecken.<\/p>\n\n\n\n<p>Wir geben uns alle M\u00fche, um zu verhindern, dass unsere Seite in die Kategorie &#8222;v\u00f6llig Falsches&#8220; f\u00e4llt, aber Subjektives, Unwichtiges und den einen oder anderen Fehler wird sie schon enthalten. Nobody is perfect.<\/p>\n\n\n\n<p>Einen ersten <em><a href=\"https:\/\/generationwomo.de\/?page_id=194\" title=\"1. Etappe: Bamberg\">Reisebericht<\/a><\/em> gibt es unter dem Men\u00fcpunkt <strong>Reisen<\/strong>, wenn er Euch gef\u00e4llt, k\u00f6nnt Ihr gern einen Kommentar unter der letzten Etappe schreiben, wenn er Euch nicht gef\u00e4llt, dann nat\u00fcrlich auch.<\/p>\n\n\n\n<p>Falls Ihr Euch \u00fcber den Titel der Seite Generation WoMo wundert: Wir sehen uns als Mitglieder der Generation, die sich den Lebensabschnitt, der dem Erwerbsleben folgt, mit Wohnmobilreisen vers\u00fc\u00dfen will. Der aktuelle Hype um die Wohnmobile ist sicher nicht nur dieser Generation geschuldet, immer mehr J\u00fcngere entdecken das Reisegef\u00e4hrt als Urlaubsmodell, jedoch d\u00fcrften die \u00c4lteren den gr\u00f6\u00dften Anteil der Neuk\u00e4ufe abdecken. Deshalb wird es hier nicht nur <em><a href=\"https:\/\/generationwomo.de\/?page_id=105\" title=\"Reisen\">Reise<\/a><\/em>&#8211; und <em><a href=\"https:\/\/generationwomo.de\/?page_id=107\" title=\"Technik\">Techniktipps<\/a><\/em> geben, sondern auch die eine oder andere Reflexion zum Thema Reisen im Alter mit einem technisch hochger\u00fcsteten Wohnmobil. Ihr seht schon, die <a href=\"https:\/\/generationwomo.de\/?page_id=102\" title=\"Themen\"><em>Themen<\/em><\/a> lassen sich nicht v\u00f6llig trennen. Sie \u00fcberlappen sich, flie\u00dfen ineinander und befruchten sich hoffentlich gegenseitig.<\/p>\n\n\n\n<p>Viel Spa\u00df beim Lesen unserer Berichte und des <em><a title=\"WoMo-Blog\" href=\"https:\/\/generationwomo.de\/?page_id=69\">Blogs<\/a><\/em>. Wenn Ihr Gefallen findet, k\u00f6nnt Ihr Euch per <em><a title=\"Newsletter\" href=\"https:\/\/generationwomo.de\/?page_id=175\">Newsletter<\/a><\/em> \u00fcber neue Beitr\u00e4ge informieren lassen. Die Anmeldung zum Newsletter findet Ihr in der rechten Spalte ganz unten (bzw. f\u00fcr die Smartphone-Benutzer ganz unten auf der Seite). Wir sind auch dankbar, wenn Euch zu dem einen oder anderen Beitrag ein paar Bemerkungen, Kritik oder Tipps einfallen. Tut Euch keinen Zwang an, aber wahrt bitte die H\u00f6flichkeit, seid nicht diskriminierend und schreibt keine Hass-Kommentare.<\/p>\n\n\n\n<p>Das Motto ist: Alles kann, nichts muss&#8230;<\/p>\n\n\n\n<p>\u00dcbrigens: <em><a href=\"https:\/\/www.traveliki.com\/generationwomo-de-page_id69\/\" target=\"_blank\" rel=\"noreferrer noopener\">Ihr findet uns auch auf Traveliki<\/a><\/em><\/p>\n\n\n\n<p>Bleibt gesund und habt Geduld<br>Generation WoMo <img loading=\"lazy\" decoding=\"async\" width=\"60\" height=\"26\" class=\"wp-image-1052\" style=\"width: 60px;\" src=\"https:\/\/generationwomo.de\/wp-content\/uploads\/2021\/04\/windy_woman.png\" alt=\"Windy Woman\"> <img loading=\"lazy\" decoding=\"async\" width=\"50\" height=\"25\" class=\"wp-image-64\" style=\"width: 50px;\" src=\"https:\/\/generationwomo.de\/wp-content\/uploads\/2021\/04\/cropped-WoMo-Smiley-512-1.png\" alt=\"WoMo\" srcset=\"https:\/\/generationwomo.de\/wp-content\/uploads\/2021\/04\/cropped-WoMo-Smiley-512-1.png 512w, https:\/\/generationwomo.de\/wp-content\/uploads\/2021\/04\/cropped-WoMo-Smiley-512-1-300x148.png 300w\" sizes=\"auto, (max-width: 50px) 100vw, 50px\" \/> <\/p>\n","protected":false},"excerpt":{"rendered":"<p>Willkommen auf unserer kleinen Seite mit Reiseberichten und Technikhinweisen zum Thema Wohnmobil (WoMo). Seit M\u00e4rz 2021 haben wir Emma, unser WoMo: Das Internet ist ja ein ziemlich guter Platz, wenn&#8230;<\/p>\n<p class=\"read-more\"><a class=\"btn btn-default\" href=\"https:\/\/generationwomo.de\/\"> Read More<span class=\"screen-reader-text\">  Read More<\/span><\/a><\/p>\n","protected":false},"author":1,"featured_media":1772,"parent":0,"menu_order":0,"comment_status":"closed","ping_status":"closed","template":"","meta":{"footnotes":""},"class_list":["post-45","page","type-page","status-publish","has-post-thumbnail","hentry"],"aioseo_notices":[],"_links":{"self":[{"href":"https:\/\/generationwomo.de\/index.php?rest_route=\/wp\/v2\/pages\/45","targetHints":{"allow":["GET"]}}],"collection":[{"href":"https:\/\/generationwomo.de\/index.php?rest_route=\/wp\/v2\/pages"}],"about":[{"href":"https:\/\/generationwomo.de\/index.php?rest_route=\/wp\/v2\/types\/page"}],"author":[{"embeddable":true,"href":"https:\/\/generationwomo.de\/index.php?rest_route=\/wp\/v2\/users\/1"}],"replies":[{"embeddable":true,"href":"https:\/\/generationwomo.de\/index.php?rest_route=%2Fwp%2Fv2%2Fcomments&post=45"}],"version-history":[{"count":11,"href":"https:\/\/generationwomo.de\/index.php?rest_route=\/wp\/v2\/pages\/45\/revisions"}],"predecessor-version":[{"id":2844,"href":"https:\/\/generationwomo.de\/index.php?rest_route=\/wp\/v2\/pages\/45\/revisions\/2844"}],"wp:featuredmedia":[{"embeddable":true,"href":"https:\/\/generationwomo.de\/index.php?rest_route=\/wp\/v2\/media\/1772"}],"wp:attachment":[{"href":"https:\/\/generationwomo.de\/index.php?rest_route=%2Fwp%2Fv2%2Fmedia&parent=45"}],"curies":[{"name":"wp","href":"https:\/\/api.w.org\/{rel}","templated":true}]}}