{"id":485,"date":"2021-04-15T22:31:50","date_gmt":"2021-04-15T20:31:50","guid":{"rendered":"https:\/\/generationwomo.de\/?page_id=485"},"modified":"2023-04-28T21:59:57","modified_gmt":"2023-04-28T19:59:57","slug":"die-fraenkische-schweiz-2020-3","status":"publish","type":"page","link":"https:\/\/generationwomo.de\/?page_id=485","title":{"rendered":"3. Etappe: Oberpfalz"},"content":{"rendered":"<style>.wp-block-kadence-advancedheading.kt-adv-heading_1000c6-8d, .wp-block-kadence-advancedheading.kt-adv-heading_1000c6-8d[data-kb-block=\"kb-adv-heading_1000c6-8d\"]{font-style:normal;color:#046197;}.wp-block-kadence-advancedheading.kt-adv-heading_1000c6-8d mark.kt-highlight, .wp-block-kadence-advancedheading.kt-adv-heading_1000c6-8d[data-kb-block=\"kb-adv-heading_1000c6-8d\"] mark.kt-highlight{font-style:normal;color:#f76a0c;-webkit-box-decoration-break:clone;box-decoration-break:clone;padding-top:0px;padding-right:0px;padding-bottom:0px;padding-left:0px;}.wp-block-kadence-advancedheading.kt-adv-heading_1000c6-8d img.kb-inline-image, .wp-block-kadence-advancedheading.kt-adv-heading_1000c6-8d[data-kb-block=\"kb-adv-heading_1000c6-8d\"] img.kb-inline-image{width:150px;vertical-align:baseline;}<\/style>\n<h3 class=\"kt-adv-heading_1000c6-8d wp-block-kadence-advancedheading\" data-kb-block=\"kb-adv-heading_1000c6-8d\">Dritte Etappe: Waldm\u00fcnchen (03.10. &#8211; 05.10.2020)<\/h3>\n\n\n\n<p>Bei <em><a rel=\"noreferrer noopener\" href=\"https:\/\/de.wikipedia.org\/wiki\/Waldm\u00fcnchen\" target=\"_blank\">Waldm\u00fcnchen<\/a><\/em> gibt es den <em><a rel=\"noreferrer noopener\" href=\"https:\/\/de.wikipedia.org\/wiki\/Perlsee\" target=\"_blank\">Perlsee<\/a><\/em>, der einen gro\u00dfen <em><a rel=\"noreferrer noopener\" href=\"https:\/\/www.campingplatz-waldmuenchen.de\" target=\"_blank\">Campingplatz<\/a><\/em> an seiner Nordwest-Seite besitzt. Waldm\u00fcnchen liegt im s\u00fcdlichen Oberpf\u00e4lzer Wald, einem n\u00f6rdlichen Ausl\u00e4ufer das Bayerischen Waldes. Der h\u00f6chste Gipfel des Oberpf\u00e4lzer Waldes, der Schwarzkopf, ist gleichzeitig der Nordgipfel des B\u00f6hmerwaldes. Er liegt auf tschechischem Boden und hei\u00dft dort <em><a rel=\"noreferrer noopener\" href=\"https:\/\/de.wikipedia.org\/wiki\/\u010cerchov\" target=\"_blank\">\u010cerchov<\/a><\/em>. Man sieht, dies ist ein geografisch verwirrender Ort.<\/p>\n\n\n\n<div class=\"wp-block-image is-style-default\"><figure class=\"aligncenter size-large\"><img loading=\"lazy\" decoding=\"async\" width=\"1024\" height=\"576\" src=\"https:\/\/generationwomo.de\/wp-content\/uploads\/2021\/04\/camping_perlsee.jpg\" alt=\"\" class=\"wp-image-644\" srcset=\"https:\/\/generationwomo.de\/wp-content\/uploads\/2021\/04\/camping_perlsee.jpg 1024w, https:\/\/generationwomo.de\/wp-content\/uploads\/2021\/04\/camping_perlsee-300x169.jpg 300w, https:\/\/generationwomo.de\/wp-content\/uploads\/2021\/04\/camping_perlsee-768x432.jpg 768w, https:\/\/generationwomo.de\/wp-content\/uploads\/2021\/04\/camping_perlsee-480x270.jpg 480w, https:\/\/generationwomo.de\/wp-content\/uploads\/2021\/04\/camping_perlsee-850x478.jpg 850w\" sizes=\"auto, (max-width: 1024px) 100vw, 1024px\" \/><figcaption>Ferienpark Perlsee (das Bild wurde mit freundlicher Genehmigung des Betreibers, Herrn Peter Allwicher, verwendet. <a href=\"https:\/\/www.campingplatz-waldmuenchen.de\" target=\"_blank\" rel=\"noreferrer noopener nofollow\">Quellenlink<\/a>)<\/figcaption><\/figure><\/div>\n\n\n\n<p>Der Campingplatz wird von einem sehr netten Ehepaar gef\u00fchrt, das mit vielen Tipps zu Wandertouren und anderen Freizeitaktivit\u00e4ten zur Stelle ist. Man merkt, dass die Betreiber mit ganzem Herzen bei der Sache sind und f\u00fchlt sich willkommen. Auch bei der Wahl des Stellplatzes hatten wir gr\u00f6\u00dftm\u00f6gliche Freiheit. Leider war die angeschlossene Perlsee-Wirtschaft wegen eines Brandes geschlossen, so dass sich die Kulinarik vor Ort auf die Fr\u00fchst\u00fcckssemmeln beschr\u00e4nken musste. Das \u00e4ndert jedoch nichts daran, dass wir auch diesen Campingplatz uneingeschr\u00e4nkt empfehlen k\u00f6nnen.<\/p>\n\n\n\n<p>Wir hatten den Plan, zum \u010cerchov zu wandern, haben uns dann jedoch wegen der Corona-Situation dazu entschlossen, die Grenze nach Tschechien nicht zu \u00fcberschreiten. Eine Quarant\u00e4ne wollten wir nicht riskieren. Also haben wir etwas abgek\u00fcrzt und sind eine wunderbare Waldrunde bis zur Wegkreuzung &#8222;Metallv\u00f6gel&#8220; gegangen. Auf dem Weg befinden sich einige Ausgrabungsst\u00e4tten mit siedlungsgeschichtlicher Bedeutung, die die einsame Wanderung interessant machen. End- und Umkehrpunkt sind die Metallv\u00f6gel. \u00dcber diese seltsamen Gesch\u00f6pfe eines unbekannten Metallk\u00fcnstlers konnten wir nichts Wissenswertes in Erfahrung bringen. Vermutlich hat der K\u00fcnstler einfach eine Attraktion schaffen wollen.<\/p>\n\n\n\n<p>Hier ein paar Schnappsch\u00fcsse von der Wanderung:<\/p>\n\n\n<style>.wp-block-kadence-advancedgallery .kb-gallery-type-masonry.kb-gallery-id-_77d0c3-0a{margin:-5px;}.kb-gallery-type-masonry.kb-gallery-id-_77d0c3-0a .kadence-blocks-gallery-item{padding:5px;}.kb-gallery-id-_77d0c3-0a .kadence-blocks-gallery-item .kb-gal-image-radius, .kb-gallery-id-_77d0c3-0a .kb-slide-item .kb-gal-image-radius img{border-radius:0px 0px 0px 0px;;}<\/style><div class=\"kb-gallery-wrap-id-_77d0c3-0a alignnone wp-block-kadence-advancedgallery\"><ul class=\"kb-gallery-ul kb-gallery-non-static kb-gallery-type-masonry kb-masonry-init kb-gallery-id-_77d0c3-0a kb-gallery-caption-style-bottom-hover kb-gallery-filter-none\" data-image-filter=\"none\" data-item-selector=\".kadence-blocks-gallery-item\" data-lightbox-caption=\"true\" data-columns-xxl=\"3\" data-columns-xl=\"3\" data-columns-md=\"3\" data-columns-sm=\"2\" data-columns-xs=\"1\" data-columns-ss=\"1\"><li class=\"kadence-blocks-gallery-item\"><div class=\"kadence-blocks-gallery-item-inner\"><figure class=\"kb-gallery-figure kb-gallery-item-has-link kadence-blocks-gallery-item-hide-caption\"><a href=\"https:\/\/generationwomo.de\/wp-content\/uploads\/2021\/04\/20201003_XT32242.jpg\" class=\"kb-gallery-item-link\"  ><div class=\"kb-gal-image-radius\"><div class=\"kb-gallery-image-contain\" ><img loading=\"lazy\" decoding=\"async\" width=\"1000\" height=\"667\" src=\"https:\/\/generationwomo.de\/wp-content\/uploads\/2021\/04\/20201003_XT32242.jpg\"   alt=\"\" data-full-image=\"https:\/\/generationwomo.de\/wp-content\/uploads\/2021\/04\/20201003_XT32242.jpg\" data-light-image=\"https:\/\/generationwomo.de\/wp-content\/uploads\/2021\/04\/20201003_XT32242.jpg\" data-id=\"497\" class=\"wp-image-497\" srcset=\"https:\/\/generationwomo.de\/wp-content\/uploads\/2021\/04\/20201003_XT32242.jpg 1000w, https:\/\/generationwomo.de\/wp-content\/uploads\/2021\/04\/20201003_XT32242-300x200.jpg 300w, https:\/\/generationwomo.de\/wp-content\/uploads\/2021\/04\/20201003_XT32242-768x512.jpg 768w, https:\/\/generationwomo.de\/wp-content\/uploads\/2021\/04\/20201003_XT32242-405x270.jpg 405w, https:\/\/generationwomo.de\/wp-content\/uploads\/2021\/04\/20201003_XT32242-850x567.jpg 850w\" sizes=\"auto, (max-width: 1000px) 100vw, 1000px\" \/><\/div><\/div><\/a><\/figure><\/div><\/li><li class=\"kadence-blocks-gallery-item\"><div class=\"kadence-blocks-gallery-item-inner\"><figure class=\"kb-gallery-figure kb-gallery-item-has-link kadence-blocks-gallery-item-hide-caption\"><a href=\"https:\/\/generationwomo.de\/wp-content\/uploads\/2021\/04\/20201004_XT32275.jpg\" class=\"kb-gallery-item-link\"  ><div class=\"kb-gal-image-radius\"><div class=\"kb-gallery-image-contain\" ><img loading=\"lazy\" decoding=\"async\" width=\"1000\" height=\"667\" src=\"https:\/\/generationwomo.de\/wp-content\/uploads\/2021\/04\/20201004_XT32275.jpg\"   alt=\"\" data-full-image=\"https:\/\/generationwomo.de\/wp-content\/uploads\/2021\/04\/20201004_XT32275.jpg\" data-light-image=\"https:\/\/generationwomo.de\/wp-content\/uploads\/2021\/04\/20201004_XT32275.jpg\" data-id=\"507\" class=\"wp-image-507\" srcset=\"https:\/\/generationwomo.de\/wp-content\/uploads\/2021\/04\/20201004_XT32275.jpg 1000w, https:\/\/generationwomo.de\/wp-content\/uploads\/2021\/04\/20201004_XT32275-300x200.jpg 300w, https:\/\/generationwomo.de\/wp-content\/uploads\/2021\/04\/20201004_XT32275-768x512.jpg 768w, https:\/\/generationwomo.de\/wp-content\/uploads\/2021\/04\/20201004_XT32275-405x270.jpg 405w, https:\/\/generationwomo.de\/wp-content\/uploads\/2021\/04\/20201004_XT32275-850x567.jpg 850w\" sizes=\"auto, (max-width: 1000px) 100vw, 1000px\" \/><\/div><\/div><\/a><\/figure><\/div><\/li><li class=\"kadence-blocks-gallery-item\"><div class=\"kadence-blocks-gallery-item-inner\"><figure class=\"kb-gallery-figure kb-gallery-item-has-link kadence-blocks-gallery-item-hide-caption\"><a href=\"https:\/\/generationwomo.de\/wp-content\/uploads\/2021\/04\/20201004_XT32277.jpg\" class=\"kb-gallery-item-link\"  ><div class=\"kb-gal-image-radius\"><div class=\"kb-gallery-image-contain\" ><img loading=\"lazy\" decoding=\"async\" width=\"667\" height=\"1000\" src=\"https:\/\/generationwomo.de\/wp-content\/uploads\/2021\/04\/20201004_XT32277.jpg\"   alt=\"\" data-full-image=\"https:\/\/generationwomo.de\/wp-content\/uploads\/2021\/04\/20201004_XT32277.jpg\" data-light-image=\"https:\/\/generationwomo.de\/wp-content\/uploads\/2021\/04\/20201004_XT32277.jpg\" data-id=\"508\" class=\"wp-image-508\" srcset=\"https:\/\/generationwomo.de\/wp-content\/uploads\/2021\/04\/20201004_XT32277.jpg 667w, https:\/\/generationwomo.de\/wp-content\/uploads\/2021\/04\/20201004_XT32277-200x300.jpg 200w, https:\/\/generationwomo.de\/wp-content\/uploads\/2021\/04\/20201004_XT32277-180x270.jpg 180w\" sizes=\"auto, (max-width: 667px) 100vw, 667px\" \/><\/div><\/div><\/a><\/figure><\/div><\/li><li class=\"kadence-blocks-gallery-item\"><div class=\"kadence-blocks-gallery-item-inner\"><figure class=\"kb-gallery-figure kb-gallery-item-has-link kadence-blocks-gallery-item-hide-caption\"><a href=\"https:\/\/generationwomo.de\/wp-content\/uploads\/2021\/04\/20201004_XT32278.jpg\" class=\"kb-gallery-item-link\"  ><div class=\"kb-gal-image-radius\"><div class=\"kb-gallery-image-contain\" ><img loading=\"lazy\" decoding=\"async\" width=\"667\" height=\"1000\" src=\"https:\/\/generationwomo.de\/wp-content\/uploads\/2021\/04\/20201004_XT32278.jpg\"   alt=\"\" data-full-image=\"https:\/\/generationwomo.de\/wp-content\/uploads\/2021\/04\/20201004_XT32278.jpg\" data-light-image=\"https:\/\/generationwomo.de\/wp-content\/uploads\/2021\/04\/20201004_XT32278.jpg\" data-id=\"509\" class=\"wp-image-509\" srcset=\"https:\/\/generationwomo.de\/wp-content\/uploads\/2021\/04\/20201004_XT32278.jpg 667w, https:\/\/generationwomo.de\/wp-content\/uploads\/2021\/04\/20201004_XT32278-200x300.jpg 200w, https:\/\/generationwomo.de\/wp-content\/uploads\/2021\/04\/20201004_XT32278-180x270.jpg 180w\" sizes=\"auto, (max-width: 667px) 100vw, 667px\" \/><\/div><\/div><\/a><\/figure><\/div><\/li><li class=\"kadence-blocks-gallery-item\"><div class=\"kadence-blocks-gallery-item-inner\"><figure class=\"kb-gallery-figure kb-gallery-item-has-link kadence-blocks-gallery-item-hide-caption\"><a href=\"https:\/\/generationwomo.de\/wp-content\/uploads\/2021\/04\/20201004_XT32283.jpg\" class=\"kb-gallery-item-link\"  ><div class=\"kb-gal-image-radius\"><div class=\"kb-gallery-image-contain\" ><img loading=\"lazy\" decoding=\"async\" width=\"667\" height=\"1000\" src=\"https:\/\/generationwomo.de\/wp-content\/uploads\/2021\/04\/20201004_XT32283.jpg\"   alt=\"\" data-full-image=\"https:\/\/generationwomo.de\/wp-content\/uploads\/2021\/04\/20201004_XT32283.jpg\" data-light-image=\"https:\/\/generationwomo.de\/wp-content\/uploads\/2021\/04\/20201004_XT32283.jpg\" data-id=\"510\" class=\"wp-image-510\" srcset=\"https:\/\/generationwomo.de\/wp-content\/uploads\/2021\/04\/20201004_XT32283.jpg 667w, https:\/\/generationwomo.de\/wp-content\/uploads\/2021\/04\/20201004_XT32283-200x300.jpg 200w, https:\/\/generationwomo.de\/wp-content\/uploads\/2021\/04\/20201004_XT32283-180x270.jpg 180w\" sizes=\"auto, (max-width: 667px) 100vw, 667px\" \/><\/div><\/div><\/a><\/figure><\/div><\/li><li class=\"kadence-blocks-gallery-item\"><div class=\"kadence-blocks-gallery-item-inner\"><figure class=\"kb-gallery-figure kb-gallery-item-has-link kadence-blocks-gallery-item-hide-caption\"><a href=\"https:\/\/generationwomo.de\/wp-content\/uploads\/2021\/04\/20201004_XT32287.jpg\" class=\"kb-gallery-item-link\"  ><div class=\"kb-gal-image-radius\"><div class=\"kb-gallery-image-contain\" ><img loading=\"lazy\" decoding=\"async\" width=\"1000\" height=\"667\" src=\"https:\/\/generationwomo.de\/wp-content\/uploads\/2021\/04\/20201004_XT32287.jpg\"   alt=\"\" data-full-image=\"https:\/\/generationwomo.de\/wp-content\/uploads\/2021\/04\/20201004_XT32287.jpg\" data-light-image=\"https:\/\/generationwomo.de\/wp-content\/uploads\/2021\/04\/20201004_XT32287.jpg\" data-id=\"511\" class=\"wp-image-511\" srcset=\"https:\/\/generationwomo.de\/wp-content\/uploads\/2021\/04\/20201004_XT32287.jpg 1000w, https:\/\/generationwomo.de\/wp-content\/uploads\/2021\/04\/20201004_XT32287-300x200.jpg 300w, https:\/\/generationwomo.de\/wp-content\/uploads\/2021\/04\/20201004_XT32287-768x512.jpg 768w, https:\/\/generationwomo.de\/wp-content\/uploads\/2021\/04\/20201004_XT32287-405x270.jpg 405w, https:\/\/generationwomo.de\/wp-content\/uploads\/2021\/04\/20201004_XT32287-850x567.jpg 850w\" sizes=\"auto, (max-width: 1000px) 100vw, 1000px\" \/><\/div><\/div><\/a><\/figure><\/div><\/li><li class=\"kadence-blocks-gallery-item\"><div class=\"kadence-blocks-gallery-item-inner\"><figure class=\"kb-gallery-figure kb-gallery-item-has-link kadence-blocks-gallery-item-hide-caption\"><a href=\"https:\/\/generationwomo.de\/wp-content\/uploads\/2021\/04\/20201004_XT32290.jpg\" class=\"kb-gallery-item-link\"  ><div class=\"kb-gal-image-radius\"><div class=\"kb-gallery-image-contain\" ><img loading=\"lazy\" decoding=\"async\" width=\"1000\" height=\"667\" src=\"https:\/\/generationwomo.de\/wp-content\/uploads\/2021\/04\/20201004_XT32290.jpg\"   alt=\"\" data-full-image=\"https:\/\/generationwomo.de\/wp-content\/uploads\/2021\/04\/20201004_XT32290.jpg\" data-light-image=\"https:\/\/generationwomo.de\/wp-content\/uploads\/2021\/04\/20201004_XT32290.jpg\" data-id=\"512\" class=\"wp-image-512\" srcset=\"https:\/\/generationwomo.de\/wp-content\/uploads\/2021\/04\/20201004_XT32290.jpg 1000w, https:\/\/generationwomo.de\/wp-content\/uploads\/2021\/04\/20201004_XT32290-300x200.jpg 300w, https:\/\/generationwomo.de\/wp-content\/uploads\/2021\/04\/20201004_XT32290-768x512.jpg 768w, https:\/\/generationwomo.de\/wp-content\/uploads\/2021\/04\/20201004_XT32290-405x270.jpg 405w, https:\/\/generationwomo.de\/wp-content\/uploads\/2021\/04\/20201004_XT32290-850x567.jpg 850w\" sizes=\"auto, (max-width: 1000px) 100vw, 1000px\" \/><\/div><\/div><\/a><\/figure><\/div><\/li><\/ul><\/div>\n\n\n<p>Die n\u00e4chste Etappe liegt im Bayerischen Wald. Zun\u00e4chst, so der Plan, wollen wir den <em><a href=\"https:\/\/treetop-walks.com\/bayerischer-wald\/\" target=\"_blank\" rel=\"noreferrer noopener\">Baumwipfelpfad bei Neusch\u00f6nau<\/a><\/em> erkunden, um dann zum &#8222;Camping am Nationalpark Bayerischer Wald&#8220; weiterzufahren.<\/p>\n\n\n\n<div style=\"height:60px\" aria-hidden=\"true\" class=\"wp-block-spacer\"><\/div>\n\n\n\n<div class=\"wp-block-buttons is-content-justification-center is-layout-flex wp-block-buttons-is-layout-flex\">\n<div class=\"wp-block-button is-style-fill\"><a class=\"wp-block-button__link has-vivid-green-cyan-background-color has-background\" href=\"https:\/\/generationwomo.de\/?page_id=393\">\u2190 Zur\u00fcck zur zweiten Etappe<\/a><\/div>\n\n\n\n<div class=\"wp-block-button\"><a class=\"wp-block-button__link has-vivid-green-cyan-background-color has-background\" href=\"https:\/\/generationwomo.de\/?page_id=105\">\u2191 Reiseseite \u2191<\/a><\/div>\n\n\n\n<div class=\"wp-block-button\"><a class=\"wp-block-button__link has-vivid-green-cyan-background-color has-background\" href=\"https:\/\/generationwomo.de\/?page_id=526\">Weiter zur vierten Etappe \u2192<\/a><\/div>\n<\/div>\n\n\n\n<p><\/p>\n","protected":false},"excerpt":{"rendered":"<p>Dritte Etappe: Waldm\u00fcnchen (03.10. &#8211; 05.10.2020) Bei Waldm\u00fcnchen gibt es den Perlsee, der einen gro\u00dfen Campingplatz an seiner Nordwest-Seite besitzt. Waldm\u00fcnchen liegt im s\u00fcdlichen Oberpf\u00e4lzer Wald, einem n\u00f6rdlichen Ausl\u00e4ufer das&#8230;<\/p>\n<p class=\"read-more\"><a class=\"btn btn-default\" href=\"https:\/\/generationwomo.de\/?page_id=485\"> Read More<span class=\"screen-reader-text\">  Read More<\/span><\/a><\/p>\n","protected":false},"author":1,"featured_media":517,"parent":105,"menu_order":3,"comment_status":"closed","ping_status":"closed","template":"template-page-FeaturedImgHead.php","meta":{"footnotes":""},"class_list":["post-485","page","type-page","status-publish","has-post-thumbnail","hentry"],"aioseo_notices":[],"_links":{"self":[{"href":"https:\/\/generationwomo.de\/index.php?rest_route=\/wp\/v2\/pages\/485","targetHints":{"allow":["GET"]}}],"collection":[{"href":"https:\/\/generationwomo.de\/index.php?rest_route=\/wp\/v2\/pages"}],"about":[{"href":"https:\/\/generationwomo.de\/index.php?rest_route=\/wp\/v2\/types\/page"}],"author":[{"embeddable":true,"href":"https:\/\/generationwomo.de\/index.php?rest_route=\/wp\/v2\/users\/1"}],"replies":[{"embeddable":true,"href":"https:\/\/generationwomo.de\/index.php?rest_route=%2Fwp%2Fv2%2Fcomments&post=485"}],"version-history":[{"count":2,"href":"https:\/\/generationwomo.de\/index.php?rest_route=\/wp\/v2\/pages\/485\/revisions"}],"predecessor-version":[{"id":3297,"href":"https:\/\/generationwomo.de\/index.php?rest_route=\/wp\/v2\/pages\/485\/revisions\/3297"}],"up":[{"embeddable":true,"href":"https:\/\/generationwomo.de\/index.php?rest_route=\/wp\/v2\/pages\/105"}],"wp:featuredmedia":[{"embeddable":true,"href":"https:\/\/generationwomo.de\/index.php?rest_route=\/wp\/v2\/media\/517"}],"wp:attachment":[{"href":"https:\/\/generationwomo.de\/index.php?rest_route=%2Fwp%2Fv2%2Fmedia&parent=485"}],"curies":[{"name":"wp","href":"https:\/\/api.w.org\/{rel}","templated":true}]}}