{"id":824,"date":"2021-04-18T23:30:09","date_gmt":"2021-04-18T21:30:09","guid":{"rendered":"https:\/\/generationwomo.de\/?page_id=824"},"modified":"2021-04-19T21:32:31","modified_gmt":"2021-04-19T19:32:31","slug":"der-hymer-b-mc-t-580","status":"publish","type":"page","link":"https:\/\/generationwomo.de\/?page_id=824","title":{"rendered":"Der Hymer B MC-T 580"},"content":{"rendered":"<style>.kb-table-of-content-nav.kb-table-of-content-id_92cac7-11 .kb-table-of-content-wrap{padding-top:var(--global-kb-spacing-sm, 1.5rem);padding-right:var(--global-kb-spacing-sm, 1.5rem);padding-bottom:var(--global-kb-spacing-sm, 1.5rem);padding-left:var(--global-kb-spacing-sm, 1.5rem);}.kb-table-of-content-nav.kb-table-of-content-id_92cac7-11 .kb-table-of-contents-title-wrap{padding-top:0px;padding-right:0px;padding-bottom:0px;padding-left:0px;}.kb-table-of-content-nav.kb-table-of-content-id_92cac7-11 .kb-table-of-contents-title{font-weight:regular;font-style:normal;}.kb-table-of-content-nav.kb-table-of-content-id_92cac7-11 .kb-table-of-content-wrap .kb-table-of-content-list{font-weight:regular;font-style:normal;margin-top:var(--global-kb-spacing-sm, 1.5rem);margin-right:0px;margin-bottom:0px;margin-left:0px;}<\/style>\n\n<style>.wp-block-kadence-advancedbtn.kb-btns_82e97c-d7{gap:var(--global-kb-gap-xs, 0.5rem );justify-content:flex-start;align-items:center;}.kt-btns_82e97c-d7 .kt-button{font-weight:normal;font-style:normal;}.kt-btns_82e97c-d7 .kt-btn-wrap-0{margin-right:5px;}.wp-block-kadence-advancedbtn.kt-btns_82e97c-d7 .kt-btn-wrap-0 .kt-button{color:#555555;font-size:14px;background:#00d084;border-color:#00d084;box-shadow:2px 2px 3px 0px rgba(0, 0, 0, 0.2);}.wp-block-kadence-advancedbtn.kt-btns_82e97c-d7 .kt-btn-wrap-0 .kt-button:hover, .wp-block-kadence-advancedbtn.kt-btns_82e97c-d7 .kt-btn-wrap-0 .kt-button:focus{color:#ffffff;border-color:#00d084;}.wp-block-kadence-advancedbtn.kt-btns_82e97c-d7 .kt-btn-wrap-0 .kt-button::before{display:none;}.wp-block-kadence-advancedbtn.kt-btns_82e97c-d7 .kt-btn-wrap-0 .kt-button:hover, .wp-block-kadence-advancedbtn.kt-btns_82e97c-d7 .kt-btn-wrap-0 .kt-button:focus{background:#00d084;box-shadow:inset 2px 2px 3px 0px rgba(0, 0, 0, 0.4);}<\/style>\n<div class=\"wp-block-kadence-advancedbtn kt-btn-align-left kt-btn-tablet-align-inherit kt-btn-mobile-align-inherit kt-btns-wrap kt-btns_82e97c-d7\"><div class=\"kt-btn-wrap kt-btn-wrap-0\"><a class=\"kt-button button kt-btn-0-action kt-btn-size-small kt-btn-style-basic kt-btn-svg-show-always kt-btn-has-text-true kt-btn-has-svg-false\" href=\"https:\/\/generationwomo.de\/?page_id=107\"><span class=\"kt-btn-inner-text\">Zur\u00fcck zum \u00dcberblick<\/span><\/a><\/div><\/div>\n\n\n\n<hr class=\"wp-block-separator\"\/>\n\n\n<style>.wp-block-kadence-advancedheading.kt-adv-heading_ca6192-92, .wp-block-kadence-advancedheading.kt-adv-heading_ca6192-92[data-kb-block=\"kb-adv-heading_ca6192-92\"]{font-style:normal;}.wp-block-kadence-advancedheading.kt-adv-heading_ca6192-92 mark.kt-highlight, .wp-block-kadence-advancedheading.kt-adv-heading_ca6192-92[data-kb-block=\"kb-adv-heading_ca6192-92\"] mark.kt-highlight{font-style:normal;color:#f76a0c;-webkit-box-decoration-break:clone;box-decoration-break:clone;padding-top:0px;padding-right:0px;padding-bottom:0px;padding-left:0px;}.wp-block-kadence-advancedheading.kt-adv-heading_ca6192-92 img.kb-inline-image, .wp-block-kadence-advancedheading.kt-adv-heading_ca6192-92[data-kb-block=\"kb-adv-heading_ca6192-92\"] img.kb-inline-image{width:150px;vertical-align:baseline;}<\/style>\n<h2 class=\"kt-adv-heading_ca6192-92 wp-block-kadence-advancedheading\" data-kb-block=\"kb-adv-heading_ca6192-92\">Der Hymer B MC-T 580<\/h2>\n\n\n\n<p>Wir hatten uns einen <strong>Hymer B MC-T 580<\/strong> geliehen, mit dem wir im September\/Oktober 2020 einen relativ kurzen Urlaubstrip unternahmen. Was ist das f\u00fcr ein Wohnmobil?<\/p>\n\n\n\n<ol class=\"wp-block-list\"><li>Es geh\u00f6rt zur Klasse der &#8222;Teilintegrierten Wohnmobile&#8220;, der beliebtesten Klasse, wenn man Kaufstatistiken betrachtet.<\/li><li>Es hat eine L\u00e4nge von 6,98 m, eine Breite von 2,29 m und eine H\u00f6he von 2,96 m.<\/li><li>Das Basisfahrzeug ist ein Mercedes Sprinter, aber das betrifft nur den sogenannten &#8222;Triebkopf&#8220;, also das Vorderteil des Mobils. Alles, was sich hinter den Sitzen befindet, ist von Hymer angebaut. Als Besonderheit ist hier das SLC (Super Leichtbau Chassis) zu nennen, welches es erm\u00f6glicht, einen ger\u00e4umigen Doppelboden unterzubringen, der Frisch- und Abwassertank, Heizung, Elektrik und Gep\u00e4ck aufnimmt \u2013 sehr praktisch!<\/li><li>Das Mobil hat Vorderradantrieb und ist damit nicht besonders gut f\u00fcr unwegsames Gel\u00e4nde geeignet. Wir werden sehen, ob das ein Nachteil ist.<\/li><li>Die zul\u00e4ssige Gesamtmasse betr\u00e4gt 3500 kg. Damit ist ein Punkt ber\u00fchrt, der in der Reisemobil-Gemeinde intensiv diskutiert wird. Wir werden testen, ob wir damit hinkommen.<\/li><\/ol>\n\n\n\n<p>Ob und wie sich das Mobil technisch bew\u00e4hrt hat, werdet ihr hier erfahren.<\/p>\n\n\n\n<hr class=\"wp-block-separator\"\/>\n\n\n\n<div class=\"wp-block-media-text alignwide has-media-on-the-right is-stacked-on-mobile\"><figure class=\"wp-block-media-text__media\"><img loading=\"lazy\" decoding=\"async\" width=\"1000\" height=\"667\" src=\"https:\/\/generationwomo.de\/wp-content\/uploads\/2021\/04\/20201002_XT32128.jpg\" alt=\"Campingplatz Pottenstein\" class=\"wp-image-157 size-full\" srcset=\"https:\/\/generationwomo.de\/wp-content\/uploads\/2021\/04\/20201002_XT32128.jpg 1000w, https:\/\/generationwomo.de\/wp-content\/uploads\/2021\/04\/20201002_XT32128-300x200.jpg 300w, https:\/\/generationwomo.de\/wp-content\/uploads\/2021\/04\/20201002_XT32128-768x512.jpg 768w, https:\/\/generationwomo.de\/wp-content\/uploads\/2021\/04\/20201002_XT32128-405x270.jpg 405w, https:\/\/generationwomo.de\/wp-content\/uploads\/2021\/04\/20201002_XT32128-850x567.jpg 850w\" sizes=\"auto, (max-width: 1000px) 100vw, 1000px\" \/><\/figure><div class=\"wp-block-media-text__content\"><style>.wp-block-kadence-advancedheading.kt-adv-heading_e58de3-48, .wp-block-kadence-advancedheading.kt-adv-heading_e58de3-48[data-kb-block=\"kb-adv-heading_e58de3-48\"]{font-style:normal;}.wp-block-kadence-advancedheading.kt-adv-heading_e58de3-48 mark.kt-highlight, .wp-block-kadence-advancedheading.kt-adv-heading_e58de3-48[data-kb-block=\"kb-adv-heading_e58de3-48\"] mark.kt-highlight{font-style:normal;color:#f76a0c;-webkit-box-decoration-break:clone;box-decoration-break:clone;padding-top:0px;padding-right:0px;padding-bottom:0px;padding-left:0px;}.wp-block-kadence-advancedheading.kt-adv-heading_e58de3-48 img.kb-inline-image, .wp-block-kadence-advancedheading.kt-adv-heading_e58de3-48[data-kb-block=\"kb-adv-heading_e58de3-48\"] img.kb-inline-image{width:150px;vertical-align:baseline;}<\/style>\n<h2 class=\"kt-adv-heading_e58de3-48 wp-block-kadence-advancedheading has-black-color has-text-color\" data-kb-block=\"kb-adv-heading_e58de3-48\">Test im Kurzurlaub<\/h2>\n\n\n\n<div style=\"height:93px\" aria-hidden=\"true\" class=\"wp-block-spacer\"><\/div>\n\n\n\n<p class=\"has-text-align-right has-text-color has-small-font-size\" style=\"color:#8a8a8a\">Der B MC-T 580 auf dem Campingplatz  &#8222;B\u00e4renschlucht&#8220; in Pottenstein<\/p>\n<\/div><\/div>\n\n\n\n<p>Nach dem Kurzurlaub k\u00f6nnen wir sagen, dass das WoMo passt. Die Corona-Lage hat uns dazu gezwungen, die Bestellung aufzugeben, bevor wir einen Testurlaub in dem Hymer erleben konnten. Das war etwas gepokert!<\/p>\n\n\n\n<p>Aber alles ist gut gegangen. Wir waren sehr zufrieden mit dem Modell und unsere Bestellung ist damit nachtr\u00e4glich gerechtfertigt. <\/p>\n\n\n<style>.wp-block-kadence-advancedheading.kt-adv-heading_00ebe9-e3, .wp-block-kadence-advancedheading.kt-adv-heading_00ebe9-e3[data-kb-block=\"kb-adv-heading_00ebe9-e3\"]{font-style:normal;}.wp-block-kadence-advancedheading.kt-adv-heading_00ebe9-e3 mark.kt-highlight, .wp-block-kadence-advancedheading.kt-adv-heading_00ebe9-e3[data-kb-block=\"kb-adv-heading_00ebe9-e3\"] mark.kt-highlight{font-style:normal;color:#f76a0c;-webkit-box-decoration-break:clone;box-decoration-break:clone;padding-top:0px;padding-right:0px;padding-bottom:0px;padding-left:0px;}.wp-block-kadence-advancedheading.kt-adv-heading_00ebe9-e3 img.kb-inline-image, .wp-block-kadence-advancedheading.kt-adv-heading_00ebe9-e3[data-kb-block=\"kb-adv-heading_00ebe9-e3\"] img.kb-inline-image{width:150px;vertical-align:baseline;}<\/style>\n<h3 class=\"kt-adv-heading_00ebe9-e3 wp-block-kadence-advancedheading\" data-kb-block=\"kb-adv-heading_00ebe9-e3\">Was hat uns am besten gefallen?<\/h3>\n\n\n\n<ul class=\"wp-block-list\"><li>Das Platzangebot ist genau richtig. Das betrifft sowohl den Stauraum als auch den Lebensraum. Alles ist ger\u00e4umig und gut zug\u00e4nglich.<\/li><li>Der Sprinter als Basisfahrzeug ist allererste Sahne. Kein Vergleich mit den etwas an Transporter erinnernden alternativen Modellen, aber sicher gehen da die Meinungen weit auseinander.<\/li><li>Der Frontantrieb ist uns bisher nicht als Nachteil erschienen, allerdings ist er auch noch nicht bis an seine Leistungsgrenze gebracht worden. Das wird die Zukunft sicher kl\u00e4ren.<\/li><li>Die Qualit\u00e4t des Ausbaus war sehr gut. Bis auf Kleinigkeiten, die nicht weiter erw\u00e4hnenswert sind, war alles funktional und ordentlich verarbeitet.<\/li><\/ul>\n\n\n<style>.wp-block-kadence-advancedheading.kt-adv-heading_dd2879-c5, .wp-block-kadence-advancedheading.kt-adv-heading_dd2879-c5[data-kb-block=\"kb-adv-heading_dd2879-c5\"]{font-style:normal;}.wp-block-kadence-advancedheading.kt-adv-heading_dd2879-c5 mark.kt-highlight, .wp-block-kadence-advancedheading.kt-adv-heading_dd2879-c5[data-kb-block=\"kb-adv-heading_dd2879-c5\"] mark.kt-highlight{font-style:normal;color:#f76a0c;-webkit-box-decoration-break:clone;box-decoration-break:clone;padding-top:0px;padding-right:0px;padding-bottom:0px;padding-left:0px;}.wp-block-kadence-advancedheading.kt-adv-heading_dd2879-c5 img.kb-inline-image, .wp-block-kadence-advancedheading.kt-adv-heading_dd2879-c5[data-kb-block=\"kb-adv-heading_dd2879-c5\"] img.kb-inline-image{width:150px;vertical-align:baseline;}<\/style>\n<h3 class=\"kt-adv-heading_dd2879-c5 wp-block-kadence-advancedheading\" data-kb-block=\"kb-adv-heading_dd2879-c5\">Was hat uns nicht so gut gefallen?<\/h3>\n\n\n\n<ul class=\"wp-block-list\"><li>Das ausgeliehene Modell war nur bedingt geeignet, mehrere Tage autark zu stehen. Wir haben deshalb Solarzellen mit 2&#215;90 Wp und das \u201eHymer-Smart-Battery-System\u201c mit insgesamt rund 180 Ah Kapazit\u00e4t geordert (135 Ah LiFePO-Akku + 95 Ah AGM-Bleiakku.  Wer sich wundert, dass 135 Ah + 95 Ah doch viel mehr sind als 180 Ah, der sei daran erinnert, dass AGM-Batterien nur zu etwa 50% genutzt werden d\u00fcrfen, also 135 Ah + 0,5 x 95 Ah = 182,5 Ah). <em><a href=\"https:\/\/generationwomo.de\/?page_id=822\" title=\"Einbau eines Wechselrichters\">Einen Wechselrichter werden wir selbst nachr\u00fcsten<\/a><\/em>.<\/li><li>Die fest verbaute Satellitensch\u00fcssel auf dem Dach ist eher hinderlich. Wir werden eher streamen oder, falls m\u00f6glich, auf DVBT setzen. Auch der von Hymer eingebaute Fernseher ist nicht gerade Stand der Technik. Wir haben &#8211; eher aus Kostengr\u00fcnden &#8211; einen Fernseher von Alphatronics gekauft und werden ihn selbst einbauen. Im Nachhinein hat sich das als richtige Entscheidung erwiesen.<\/li><\/ul>\n\n\n\n<p>Soviel zu unserem ersten Ausflug in die Technik des Wohnmobils. Alles weitere wird sich mit unserem eigenen Exemplar wohl noch ergeben.<\/p>\n\n\n<style>.wp-block-kadence-advancedbtn.kb-btns_21b0ec-ee{gap:var(--global-kb-gap-xs, 0.5rem );justify-content:flex-start;align-items:center;}.kt-btns_21b0ec-ee .kt-button{font-weight:normal;font-style:normal;}.kt-btns_21b0ec-ee .kt-btn-wrap-0{margin-right:5px;}.wp-block-kadence-advancedbtn.kt-btns_21b0ec-ee .kt-btn-wrap-0 .kt-button{color:#555555;font-size:14px;background:#00d084;border-color:#00d084;box-shadow:2px 2px 3px 0px rgba(0, 0, 0, 0.2);}.wp-block-kadence-advancedbtn.kt-btns_21b0ec-ee .kt-btn-wrap-0 .kt-button:hover, .wp-block-kadence-advancedbtn.kt-btns_21b0ec-ee .kt-btn-wrap-0 .kt-button:focus{color:#ffffff;border-color:#00d084;}.wp-block-kadence-advancedbtn.kt-btns_21b0ec-ee .kt-btn-wrap-0 .kt-button::before{display:none;}.wp-block-kadence-advancedbtn.kt-btns_21b0ec-ee .kt-btn-wrap-0 .kt-button:hover, .wp-block-kadence-advancedbtn.kt-btns_21b0ec-ee .kt-btn-wrap-0 .kt-button:focus{background:#00d084;box-shadow:inset 2px 2px 3px 0px rgba(0, 0, 0, 0.4);}<\/style>\n<div class=\"wp-block-kadence-advancedbtn kt-btn-align-left kt-btn-tablet-align-inherit kt-btn-mobile-align-inherit kt-btns-wrap kt-btns_21b0ec-ee\"><div class=\"kt-btn-wrap kt-btn-wrap-0\"><a class=\"kt-button button kt-btn-0-action kt-btn-size-small kt-btn-style-basic kt-btn-svg-show-always kt-btn-has-text-true kt-btn-has-svg-false\" href=\"https:\/\/generationwomo.de\/?page_id=107\"><span class=\"kt-btn-inner-text\">Zur\u00fcck zum \u00dcberblick<\/span><\/a><\/div><\/div>\n\n\n\n<p><\/p>\n","protected":false},"excerpt":{"rendered":"<p>Der Hymer B MC-T 580 Wir hatten uns einen Hymer B MC-T 580 geliehen, mit dem wir im September\/Oktober 2020 einen relativ kurzen Urlaubstrip unternahmen. Was ist das f\u00fcr ein&#8230;<\/p>\n<p class=\"read-more\"><a class=\"btn btn-default\" href=\"https:\/\/generationwomo.de\/?page_id=824\"> Read More<span class=\"screen-reader-text\">  Read More<\/span><\/a><\/p>\n","protected":false},"author":1,"featured_media":0,"parent":107,"menu_order":1,"comment_status":"open","ping_status":"closed","template":"","meta":{"footnotes":""},"class_list":["post-824","page","type-page","status-publish","hentry"],"aioseo_notices":[],"_links":{"self":[{"href":"https:\/\/generationwomo.de\/index.php?rest_route=\/wp\/v2\/pages\/824","targetHints":{"allow":["GET"]}}],"collection":[{"href":"https:\/\/generationwomo.de\/index.php?rest_route=\/wp\/v2\/pages"}],"about":[{"href":"https:\/\/generationwomo.de\/index.php?rest_route=\/wp\/v2\/types\/page"}],"author":[{"embeddable":true,"href":"https:\/\/generationwomo.de\/index.php?rest_route=\/wp\/v2\/users\/1"}],"replies":[{"embeddable":true,"href":"https:\/\/generationwomo.de\/index.php?rest_route=%2Fwp%2Fv2%2Fcomments&post=824"}],"version-history":[{"count":0,"href":"https:\/\/generationwomo.de\/index.php?rest_route=\/wp\/v2\/pages\/824\/revisions"}],"up":[{"embeddable":true,"href":"https:\/\/generationwomo.de\/index.php?rest_route=\/wp\/v2\/pages\/107"}],"wp:attachment":[{"href":"https:\/\/generationwomo.de\/index.php?rest_route=%2Fwp%2Fv2%2Fmedia&parent=824"}],"curies":[{"name":"wp","href":"https:\/\/api.w.org\/{rel}","templated":true}]}}